{"id":430,"date":"2021-11-16T22:06:03","date_gmt":"2021-11-16T21:06:03","guid":{"rendered":"https:\/\/himmelundmeer.net\/?page_id=430"},"modified":"2023-10-24T13:05:08","modified_gmt":"2023-10-24T11:05:08","slug":"home-background-video-duplicate","status":"publish","type":"page","link":"https:\/\/himmelundmeer.net\/","title":{"rendered":"home &#8211; himmelundmeer"},"content":{"rendered":"<div class=\"wpb-content-wrapper\"><p>[vc_row cth_layout=&#8221;springbook_bgvideo_header_sec&#8221; background_mp4_video=&#8221;https:\/\/himmelundmeer.net\/wp-content\/uploads\/2021\/11\/Blog-Background-Video-1-no-music.mp4&#8243; parallax_inner_val=&#8221;&#8221; parallax_inner=&#8221;77&#8243; el_class=&#8221;sl-wrap&#8221;][vc_column][vc_single_image image=&#8221;503&#8243; img_size=&#8221;large&#8221; alignment=&#8221;center&#8221; el_class=&#8221;logo-holder&#8221;][vc_column_text el_class=&#8221;hero-quote&#8221;]<\/p>\n<p style=\"text-align: center;\">#unterwegs #gemeindegr\u00fcndung<\/p>\n<p>[\/vc_column_text][\/vc_column][\/vc_row][vc_row][vc_column width=&#8221;1\/6&#8243;][\/vc_column][vc_column width=&#8221;2\/3&#8243;][vc_empty_space][vc_single_image image=&#8221;515&#8243; alignment=&#8221;center&#8221;][vc_column_text]<\/p>\n<h1 style=\"text-align: center;\"><strong>Las Palmas de Gran Canaria&#8230;\u00a0<\/strong><\/h1>\n<p>[\/vc_column_text][vc_column_text]<\/p>\n<p style=\"text-align: center;\">&#8230; ist eine pulsierende Gro\u00dfstadt mit maritimem Flair und mildem Klima. Zugleich ist es eine Stadt gro\u00dfer Kontraste und sozialer Herausforderungen. Viele Menschen suchen nach erf\u00fclltem Leben, doch aufgrund ihres vorgepr\u00e4gten Bildes von Kirche rechnen sie nicht damit, es im christlichen Glauben zu finden. Deshalb m\u00f6chten wir mitten in der Lebenswelt junger Menschen eine Gemeinde gr\u00fcnden. Sie soll eine Gemeinschaft der Hoffnung, Ermutigung und der lebensver\u00e4ndernden Kraft des Glaubens an Jesus Christus werden.<\/p>\n<p>[\/vc_column_text][vc_single_image image=&#8221;515&#8243; alignment=&#8221;center&#8221;][\/vc_column][vc_column width=&#8221;1\/6&#8243;][\/vc_column][\/vc_row][vc_row][vc_column][vc_column_text]<\/p>\n<p style=\"text-align: center;\">Auf der Homepage der Allianzmission findest du noch weitere Infos \u00fcber uns.<\/p>\n<p>[\/vc_column_text][vc_btn title=&#8221;Familie Stein &#8211; Allianzmission&#8221; align=&#8221;center&#8221; link=&#8221;url:https%3A%2F%2Fwww.allianzmission.de%2Fmitarbeiter%2Falexandra-und-raphael-stein%2F|title:Familie%20Stein|target:_blank&#8221;][vc_column_text]<\/p>\n<p style=\"text-align: center;\">Unsere Arbeit ist spendenfinanziert und wir w\u00fcrden uns sehr \u00fcber deine Unterst\u00fctzung freuen.<\/p>\n<p>[\/vc_column_text][vc_btn title=&#8221;Spenden&#8221; align=&#8221;center&#8221; link=&#8221;url:https%3A%2F%2Fwww.allianzmission.de%2Fspenden%2F%3Ffb_item_id%3D5875%26donation_custom_field_860%3DAlexandra%2Bund%2BRaphael%2BStein|title:Spenden|target:_blank&#8221;][vc_single_image image=&#8221;515&#8243; alignment=&#8221;center&#8221;][\/vc_column][vc_column][\/vc_column][\/vc_row][vc_row][vc_column width=&#8221;1\/6&#8243;][\/vc_column][vc_column width=&#8221;1\/3&#8243;][vc_column_text]<\/p>\n<h2 style=\"text-align: center;\">\u00dcber uns:<\/h2>\n<p>[\/vc_column_text][vc_column_text]<strong><img loading=\"lazy\" decoding=\"async\" class=\"alignnone wp-image-977\" src=\"https:\/\/himmelundmeer.net\/wp-content\/uploads\/2023\/10\/Bild-Alex-und-Raphael-300x237.jpg\" alt=\"\" width=\"323\" height=\"255\" srcset=\"https:\/\/himmelundmeer.net\/wp-content\/uploads\/2023\/10\/Bild-Alex-und-Raphael-300x237.jpg 300w, https:\/\/himmelundmeer.net\/wp-content\/uploads\/2023\/10\/Bild-Alex-und-Raphael-1024x810.jpg 1024w, https:\/\/himmelundmeer.net\/wp-content\/uploads\/2023\/10\/Bild-Alex-und-Raphael-768x608.jpg 768w, https:\/\/himmelundmeer.net\/wp-content\/uploads\/2023\/10\/Bild-Alex-und-Raphael-1536x1216.jpg 1536w, https:\/\/himmelundmeer.net\/wp-content\/uploads\/2023\/10\/Bild-Alex-und-Raphael.jpg 1941w\" sizes=\"auto, (max-width: 323px) 100vw, 323px\" \/><\/strong><\/p>\n<p><strong>Alexandra und Raphael<\/strong><br \/>\nWir lieben Menschen und Jesus, nat\u00fcrlich unsere drei S\u00f6hne, leckeres Essen und gute Gespr\u00e4che, Musik, Sport, the great outdoors, Himmel und Meer, Wellen besonders, Berge auch, Neues entdecken, und noch viel mehr.<\/p>\n<p><img loading=\"lazy\" decoding=\"async\" class=\"alignnone wp-image-461\" src=\"https:\/\/himmelundmeer.net\/wp-content\/uploads\/2021\/11\/AuR-Signatur-w-300x198.png\" alt=\"\" width=\"264\" height=\"174\" srcset=\"https:\/\/himmelundmeer.net\/wp-content\/uploads\/2021\/11\/AuR-Signatur-w-300x198.png 300w, https:\/\/himmelundmeer.net\/wp-content\/uploads\/2021\/11\/AuR-Signatur-w-1024x676.png 1024w, https:\/\/himmelundmeer.net\/wp-content\/uploads\/2021\/11\/AuR-Signatur-w-768x507.png 768w, https:\/\/himmelundmeer.net\/wp-content\/uploads\/2021\/11\/AuR-Signatur-w-1536x1014.png 1536w, https:\/\/himmelundmeer.net\/wp-content\/uploads\/2021\/11\/AuR-Signatur-w-2048x1352.png 2048w\" sizes=\"auto, (max-width: 264px) 100vw, 264px\" \/>[\/vc_column_text][\/vc_column][vc_column width=&#8221;1\/3&#8243;][vc_column_text]<\/p>\n<h2 style=\"text-align: center;\">Freunde:<\/h2>\n<p>[\/vc_column_text][vc_column_text]<a href=\"http:\/\/www.allianzmission.de\"><img loading=\"lazy\" decoding=\"async\" class=\"aligncenter wp-image-531\" src=\"https:\/\/himmelundmeer.net\/wp-content\/uploads\/2022\/01\/AM-Logo-bkl-300x40.png\" alt=\"\" width=\"278\" height=\"37\" srcset=\"https:\/\/himmelundmeer.net\/wp-content\/uploads\/2022\/01\/AM-Logo-bkl-300x40.png 300w, https:\/\/himmelundmeer.net\/wp-content\/uploads\/2022\/01\/AM-Logo-bkl.png 600w\" sizes=\"auto, (max-width: 278px) 100vw, 278px\" \/><\/a><\/p>\n<p>&nbsp;<\/p>\n<p style=\"text-align: center;\"><a href=\"http:\/\/www.christiansurfers.es\"><img loading=\"lazy\" decoding=\"async\" class=\"alignnone wp-image-979\" src=\"https:\/\/himmelundmeer.net\/wp-content\/uploads\/2023\/10\/Christian-Surfers-Espana-color-250x250-1-300x300.png\" alt=\"\" width=\"188\" height=\"188\" srcset=\"https:\/\/himmelundmeer.net\/wp-content\/uploads\/2023\/10\/Christian-Surfers-Espana-color-250x250-1-300x300.png 300w, https:\/\/himmelundmeer.net\/wp-content\/uploads\/2023\/10\/Christian-Surfers-Espana-color-250x250-1-150x150.png 150w, https:\/\/himmelundmeer.net\/wp-content\/uploads\/2023\/10\/Christian-Surfers-Espana-color-250x250-1-50x50.png 50w, https:\/\/himmelundmeer.net\/wp-content\/uploads\/2023\/10\/Christian-Surfers-Espana-color-250x250-1.png 567w\" sizes=\"auto, (max-width: 188px) 100vw, 188px\" \/><\/a><\/p>\n<p>&nbsp;<\/p>\n<p><a href=\"http:\/\/www.surf.church\"><img loading=\"lazy\" decoding=\"async\" class=\"aligncenter wp-image-532\" src=\"https:\/\/himmelundmeer.net\/wp-content\/uploads\/2022\/01\/Surf-Church-Collective-Black-Horizontal-b150p.png\" alt=\"\" width=\"172\" height=\"62\" \/><\/a>[\/vc_column_text][\/vc_column][vc_column width=&#8221;1\/6&#8243;][\/vc_column][\/vc_row][vc_row][vc_column][vc_single_image image=&#8221;515&#8243; alignment=&#8221;center&#8221;][\/vc_column][\/vc_row]<\/p>\n<\/div>","protected":false},"excerpt":{"rendered":"<p>[vc_row cth_layout=&#8221;springbook_bgvideo_header_sec&#8221; background_mp4_video=&#8221;https:\/\/himmelundmeer.net\/wp-content\/uploads\/2021\/11\/Blog-Background-Video-1-no-music.mp4&#8243; parallax_inner_val=&#8221;&#8221; parallax_inner=&#8221;77&#8243; el_class=&#8221;sl-wrap&#8221;][vc_column][vc_single_image image=&#8221;503&#8243; img_size=&#8221;large&#8221; alignment=&#8221;center&#8221; el_class=&#8221;logo-holder&#8221;][vc_column_text el_class=&#8221;hero-quote&#8221;] #unterwegs #gemeindegr\u00fcndung [\/vc_column_text][\/vc_column][\/vc_row][vc_row][vc_column width=&#8221;1\/6&#8243;][\/vc_column][vc_column width=&#8221;2\/3&#8243;][vc_empty_space][vc_single_image image=&#8221;515&#8243; alignment=&#8221;center&#8221;][vc_column_text] Las Palmas de Gran Canaria&#8230;\u00a0 [\/vc_column_text][vc_column_text] &#8230; ist eine pulsierende Gro\u00dfstadt mit maritimem Flair und mildem Klima. Zugleich ist es eine Stadt gro\u00dfer Kontraste und sozialer Herausforderungen. Viele Menschen suchen nach erf\u00fclltem Leben, doch aufgrund ihres vorgepr\u00e4gten [&hellip;]<\/p>\n","protected":false},"author":2,"featured_media":0,"parent":0,"menu_order":0,"comment_status":"closed","ping_status":"closed","template":"homepage.php","meta":{"footnotes":""},"class_list":["post-430","page","type-page","status-publish","hentry","hasnot_post_thumbnail"],"_links":{"self":[{"href":"https:\/\/himmelundmeer.net\/index.php?rest_route=\/wp\/v2\/pages\/430","targetHints":{"allow":["GET"]}}],"collection":[{"href":"https:\/\/himmelundmeer.net\/index.php?rest_route=\/wp\/v2\/pages"}],"about":[{"href":"https:\/\/himmelundmeer.net\/index.php?rest_route=\/wp\/v2\/types\/page"}],"author":[{"embeddable":true,"href":"https:\/\/himmelundmeer.net\/index.php?rest_route=\/wp\/v2\/users\/2"}],"replies":[{"embeddable":true,"href":"https:\/\/himmelundmeer.net\/index.php?rest_route=%2Fwp%2Fv2%2Fcomments&post=430"}],"version-history":[{"count":45,"href":"https:\/\/himmelundmeer.net\/index.php?rest_route=\/wp\/v2\/pages\/430\/revisions"}],"predecessor-version":[{"id":1004,"href":"https:\/\/himmelundmeer.net\/index.php?rest_route=\/wp\/v2\/pages\/430\/revisions\/1004"}],"wp:attachment":[{"href":"https:\/\/himmelundmeer.net\/index.php?rest_route=%2Fwp%2Fv2%2Fmedia&parent=430"}],"curies":[{"name":"wp","href":"https:\/\/api.w.org\/{rel}","templated":true}]}}